{"id":69,"date":"2020-01-27T08:05:29","date_gmt":"2020-01-27T08:05:29","guid":{"rendered":"https:\/\/demosites.io\/web-agency-gb\/?page_id=69"},"modified":"2023-12-20T22:56:52","modified_gmt":"2023-12-20T22:56:52","slug":"15c42-web-agency-gb-portfolio","status":"publish","type":"page","link":"https:\/\/tssi.com.mx\/?page_id=69","title":{"rendered":"Portafolio"},"content":{"rendered":"\n<div class=\"wp-block-cover alignfull\" style=\"min-height:300px;aspect-ratio:unset;\"><span aria-hidden=\"true\" class=\"has-nv-site-bg-background-color has-background-dim-100 wp-block-cover__gradient-background has-background-dim\"><\/span><div class=\"wp-block-cover__inner-container is-layout-flow wp-block-cover-is-layout-flow\">\n<div class=\"wp-block-group\"><div class=\"wp-block-group__inner-container is-layout-flow wp-block-group-is-layout-flow\">\n<h1 class=\"has-text-align-left has-neve-text-color-color has-text-color wp-block-heading\">Socios Comerciales de soluciones y marcas que representamos<\/h1>\n<\/div><\/div>\n<\/div><\/div>\n\n\n\n<div class=\"wp-block-cover alignfull\" style=\"min-height:600px;aspect-ratio:unset;\"><span aria-hidden=\"true\" class=\"has-nv-light-bg-background-color has-background-dim-100 wp-block-cover__gradient-background has-background-dim\"><\/span><div class=\"wp-block-cover__inner-container is-layout-flow wp-block-cover-is-layout-flow\">\n<div class=\"wp-block-group\"><div class=\"wp-block-group__inner-container is-layout-flow wp-block-group-is-layout-flow\">\n<div style=\"height:80px\" aria-hidden=\"true\" class=\"wp-block-spacer\"><\/div>\n\n\n\n<div class=\"wp-block-columns are-vertically-aligned-center is-layout-flex wp-container-core-columns-is-layout-9d6595d7 wp-block-columns-is-layout-flex\">\n<div class=\"wp-block-column is-vertically-aligned-center is-layout-flow wp-block-column-is-layout-flow\" style=\"flex-basis:50%\">\n<figure class=\"wp-block-image size-full is-resized\"><img fetchpriority=\"high\" decoding=\"async\" src=\"https:\/\/tssi.com.mx\/wp-content\/uploads\/2022\/03\/Fortinet_Logo.png\" alt=\"\" class=\"wp-image-381\" width=\"475\" height=\"316\"\/><\/figure>\n\n\n\n<h3 class=\"has-text-align-center has-neve-text-color-color has-text-color wp-block-heading\">Somos NSE Level 3<\/h3>\n\n\n\n<p class=\"has-text-align-center has-neve-text-color-color has-text-color\">Fortinet es una empresa multinacional de Estados Unidos con sede en Sunnyvale, California. Se dedica al desarrollo y la comercializaci\u00f3n de software, dispositivos y servicios de ciberseguridad, como firewalls, antivirus, prevenci\u00f3n de intrusiones y seguridad en dispositivos de usuario<\/p>\n\n\n\n<div class=\"wp-block-buttons is-content-justification-center is-layout-flex wp-container-core-buttons-is-layout-16018d1d wp-block-buttons-is-layout-flex\"><\/div>\n\n\n\n<div style=\"height:40px\" aria-hidden=\"true\" class=\"wp-block-spacer\"><\/div>\n<\/div>\n\n\n\n<div class=\"wp-block-column is-vertically-aligned-center is-layout-flow wp-block-column-is-layout-flow\" style=\"flex-basis:50%\">\n<figure class=\"wp-block-image size-full is-resized\"><img decoding=\"async\" src=\"https:\/\/tssi.com.mx\/wp-content\/uploads\/2022\/03\/Synology_logo.png\" alt=\"\" class=\"wp-image-382\" width=\"514\" height=\"146\" srcset=\"https:\/\/tssi.com.mx\/wp-content\/uploads\/2022\/03\/Synology_logo.png 423w, https:\/\/tssi.com.mx\/wp-content\/uploads\/2022\/03\/Synology_logo-300x84.png 300w\" sizes=\"(max-width: 514px) 100vw, 514px\" \/><\/figure>\n\n\n\n<h3 class=\"has-text-align-center has-neve-text-color-color has-text-color wp-block-heading\">Arquitecto de Soluciones de Almacenamiento<\/h3>\n\n\n\n<p class=\"has-text-align-center has-neve-text-color-color has-text-color\">Synology Inc. es una corporaci\u00f3n taiwanesa que se especializa en dispositivos de almacenamiento conectados a la red. La l\u00ednea de NAS de Synology se conoce como DiskStation para modelos de escritorio, FlashStation para modelos all-flash y RackStation para modelos de montaje en rack.<\/p>\n\n\n\n<div class=\"wp-block-buttons is-content-justification-center is-layout-flex wp-container-core-buttons-is-layout-16018d1d wp-block-buttons-is-layout-flex\"><\/div>\n\n\n\n<div style=\"height:40px\" aria-hidden=\"true\" class=\"wp-block-spacer\"><\/div>\n<\/div>\n<\/div>\n\n\n\n<div style=\"height:40px\" aria-hidden=\"true\" class=\"wp-block-spacer\"><\/div>\n<\/div><\/div>\n<\/div><\/div>\n\n\n\n<div class=\"wp-block-cover alignfull\" style=\"min-height:600px;aspect-ratio:unset;\"><span aria-hidden=\"true\" class=\"has-nv-site-bg-background-color has-background-dim-100 wp-block-cover__gradient-background has-background-dim\"><\/span><div class=\"wp-block-cover__inner-container is-layout-flow wp-block-cover-is-layout-flow\">\n<div class=\"wp-block-group\"><div class=\"wp-block-group__inner-container is-layout-flow wp-block-group-is-layout-flow\">\n<div style=\"height:80px\" aria-hidden=\"true\" class=\"wp-block-spacer\"><\/div>\n\n\n\n<div class=\"wp-block-columns are-vertically-aligned-center is-layout-flex wp-container-core-columns-is-layout-9d6595d7 wp-block-columns-is-layout-flex\">\n<div class=\"wp-block-column is-vertically-aligned-center is-layout-flow wp-block-column-is-layout-flow\" style=\"flex-basis:50%\">\n<figure class=\"wp-block-image size-full\"><img decoding=\"async\" width=\"482\" height=\"104\" src=\"https:\/\/tssi.com.mx\/wp-content\/uploads\/2022\/03\/hikvision_logo.png\" alt=\"\" class=\"wp-image-383\" srcset=\"https:\/\/tssi.com.mx\/wp-content\/uploads\/2022\/03\/hikvision_logo.png 482w, https:\/\/tssi.com.mx\/wp-content\/uploads\/2022\/03\/hikvision_logo-300x65.png 300w\" sizes=\"(max-width: 482px) 100vw, 482px\" \/><\/figure>\n\n\n\n<h3 class=\"has-text-align-center has-neve-text-color-color has-text-color wp-block-heading\">Dise\u00f1o de CCTV<\/h3>\n\n\n\n<p class=\"has-text-align-center has-neve-text-color-color has-text-color\">Hangzhou Hikvision Digital Technology Co., Ltd., a menudo abreviado como Hikvision, es un fabricante y proveedor estatal chino de equipos de videovigilancia para fines civiles y militares, con sede en Hangzhou, Zhejiang.<\/p>\n\n\n\n<div class=\"wp-block-buttons is-content-justification-center is-layout-flex wp-container-core-buttons-is-layout-16018d1d wp-block-buttons-is-layout-flex\"><\/div>\n\n\n\n<div style=\"height:40px\" aria-hidden=\"true\" class=\"wp-block-spacer\"><\/div>\n\n\n\n<figure class=\"wp-block-image size-full\"><img loading=\"lazy\" decoding=\"async\" width=\"215\" height=\"235\" src=\"https:\/\/tssi.com.mx\/wp-content\/uploads\/2022\/03\/CiscoPartnerR.png\" alt=\"\" class=\"wp-image-456\"\/><\/figure>\n<\/div>\n\n\n\n<div class=\"wp-block-column is-layout-flow wp-block-column-is-layout-flow\"><\/div>\n\n\n\n<div class=\"wp-block-column is-vertically-aligned-center is-layout-flow wp-block-column-is-layout-flow\" style=\"flex-basis:50%\">\n<figure class=\"wp-block-image size-full\"><img loading=\"lazy\" decoding=\"async\" width=\"426\" height=\"322\" src=\"https:\/\/tssi.com.mx\/wp-content\/uploads\/2022\/03\/Registered-Partner.png\" alt=\"\" class=\"wp-image-384\" srcset=\"https:\/\/tssi.com.mx\/wp-content\/uploads\/2022\/03\/Registered-Partner.png 426w, https:\/\/tssi.com.mx\/wp-content\/uploads\/2022\/03\/Registered-Partner-300x227.png 300w\" sizes=\"(max-width: 426px) 100vw, 426px\" \/><\/figure>\n\n\n\n<h3 class=\"has-text-align-center has-neve-text-color-color has-text-color wp-block-heading\">Mejor Defensa Antivirus del Mercado<\/h3>\n\n\n\n<p class=\"has-text-align-center has-neve-text-color-color has-text-color\">Kaspersky Lab es una compa\u00f1\u00eda internacional dedicada a la seguridad inform\u00e1tica con presencia en aproximadamente 195 pa\u00edses del mundo. Su Holding est\u00e1 registrado en Reino Unido.<\/p>\n\n\n\n<div class=\"wp-block-buttons is-content-justification-center is-layout-flex wp-container-core-buttons-is-layout-16018d1d wp-block-buttons-is-layout-flex\"><\/div>\n\n\n\n<div style=\"height:40px\" aria-hidden=\"true\" class=\"wp-block-spacer\"><\/div>\n<\/div>\n<\/div>\n\n\n\n<div style=\"height:40px\" aria-hidden=\"true\" class=\"wp-block-spacer\"><\/div>\n<\/div><\/div>\n<\/div><\/div>\n\n\n\n<div class=\"wp-block-cover alignfull\" style=\"min-height:300px;aspect-ratio:unset;\"><span aria-hidden=\"true\" class=\"has-nv-dark-bg-background-color has-background-dim-100 wp-block-cover__gradient-background has-background-dim\"><\/span><div class=\"wp-block-cover__inner-container is-layout-flow wp-block-cover-is-layout-flow\">\n<div style=\"height:80px\" aria-hidden=\"true\" class=\"wp-block-spacer\"><\/div>\n\n\n\n<div style=\"height:80px\" aria-hidden=\"true\" class=\"wp-block-spacer\"><\/div>\n<\/div><\/div>\n","protected":false},"excerpt":{"rendered":"","protected":false},"author":1,"featured_media":0,"parent":5,"menu_order":0,"comment_status":"closed","ping_status":"closed","template":"elementor_canvas","meta":{"om_disable_all_campaigns":false,"_monsterinsights_skip_tracking":false,"_monsterinsights_sitenote_active":false,"_monsterinsights_sitenote_note":"","_monsterinsights_sitenote_category":0,"neve_meta_sidebar":"full-width","neve_meta_container":"","neve_meta_enable_content_width":"on","neve_meta_content_width":100,"neve_meta_title_alignment":"","neve_meta_author_avatar":"","neve_post_elements_order":"","neve_meta_disable_header":"","neve_meta_disable_footer":"","neve_meta_disable_title":"on","footnotes":""},"class_list":["post-69","page","type-page","status-publish","hentry"],"aioseo_notices":[],"_links":{"self":[{"href":"https:\/\/tssi.com.mx\/index.php?rest_route=\/wp\/v2\/pages\/69","targetHints":{"allow":["GET"]}}],"collection":[{"href":"https:\/\/tssi.com.mx\/index.php?rest_route=\/wp\/v2\/pages"}],"about":[{"href":"https:\/\/tssi.com.mx\/index.php?rest_route=\/wp\/v2\/types\/page"}],"author":[{"embeddable":true,"href":"https:\/\/tssi.com.mx\/index.php?rest_route=\/wp\/v2\/users\/1"}],"replies":[{"embeddable":true,"href":"https:\/\/tssi.com.mx\/index.php?rest_route=%2Fwp%2Fv2%2Fcomments&post=69"}],"version-history":[{"count":6,"href":"https:\/\/tssi.com.mx\/index.php?rest_route=\/wp\/v2\/pages\/69\/revisions"}],"predecessor-version":[{"id":460,"href":"https:\/\/tssi.com.mx\/index.php?rest_route=\/wp\/v2\/pages\/69\/revisions\/460"}],"up":[{"embeddable":true,"href":"https:\/\/tssi.com.mx\/index.php?rest_route=\/wp\/v2\/pages\/5"}],"wp:attachment":[{"href":"https:\/\/tssi.com.mx\/index.php?rest_route=%2Fwp%2Fv2%2Fmedia&parent=69"}],"curies":[{"name":"wp","href":"https:\/\/api.w.org\/{rel}","templated":true}]}}