{"id":61,"date":"2020-01-23T18:21:52","date_gmt":"2020-01-23T18:21:52","guid":{"rendered":"https:\/\/demosites.io\/web-agency-gb\/?page_id=61"},"modified":"2025-05-12T21:04:38","modified_gmt":"2025-05-12T21:04:38","slug":"15c42-web-agency-gb-about-us","status":"publish","type":"page","link":"https:\/\/tssi.com.mx\/?page_id=61","title":{"rendered":"Acerca de Nosotros"},"content":{"rendered":"\t\t<div data-elementor-type=\"wp-page\" data-elementor-id=\"61\" class=\"elementor elementor-61\">\n\t\t\t\t\t\t<section class=\"elementor-section elementor-top-section elementor-element elementor-element-3970bae5 elementor-section-boxed elementor-section-height-default elementor-section-height-default\" data-id=\"3970bae5\" data-element_type=\"section\" data-e-type=\"section\">\n\t\t\t\t\t\t<div class=\"elementor-container elementor-column-gap-default\">\n\t\t\t\t\t<div class=\"elementor-column elementor-col-100 elementor-top-column elementor-element elementor-element-612abebb\" data-id=\"612abebb\" data-element_type=\"column\" data-e-type=\"column\">\n\t\t\t<div class=\"elementor-widget-wrap elementor-element-populated\">\n\t\t\t\t\t\t<div class=\"elementor-element elementor-element-4215187 elementor-widget elementor-widget-text-editor\" data-id=\"4215187\" data-element_type=\"widget\" data-e-type=\"widget\" data-widget_type=\"text-editor.default\">\n\t\t\t\t<div class=\"elementor-widget-container\">\n\t\t\t\t\t\t\t\t\t<p><\/p>\n<div class=\"wp-block-cover alignfull\" style=\"min-height: 300px;aspect-ratio:unset;\">\n<div class=\"wp-block-cover__inner-container is-layout-flow wp-block-cover-is-layout-flow\"><p><\/p>\n<div class=\"wp-block-group\"><div class=\"wp-block-group__inner-container is-layout-flow wp-block-group-is-layout-flow\"><p><\/p>\n<h1 class=\"has-text-align-left has-neve-text-color-color has-text-color wp-block-heading\">\u00bfQuienes Somos?<\/h1>\n<p><\/p><\/div><\/div>\n<p><\/p><\/div>\n<\/div>\n<p><\/p>\n<div class=\"wp-block-cover alignfull\" style=\"min-height: 600px;aspect-ratio:unset;\">\n<div class=\"wp-block-cover__inner-container is-layout-flow wp-block-cover-is-layout-flow\"><p><\/p>\n<div class=\"wp-block-group\"><div class=\"wp-block-group__inner-container is-layout-flow wp-block-group-is-layout-flow\"><p><\/p>\n<div class=\"wp-block-spacer\" style=\"height: 80px;\" aria-hidden=\"true\">&nbsp;<\/div>\n<p><\/p>\n<div class=\"wp-block-columns are-vertically-aligned-center is-layout-flex wp-container-core-columns-is-layout-9d6595d7 wp-block-columns-is-layout-flex\"><p><\/p>\n<div class=\"wp-block-column is-vertically-aligned-center is-layout-flow wp-block-column-is-layout-flow\" style=\"flex-basis: 50%;\"><p><\/p>\n<figure class=\"wp-block-image size-large\"><img fetchpriority=\"high\" decoding=\"async\" width=\"600\" height=\"600\" class=\"wp-image-36\" src=\"https:\/\/tssi.com.mx\/wp-content\/uploads\/2020\/01\/neve-web-design-bg-09.jpg\" alt=\"\"><\/figure>\n<p><\/p><\/div>\n<p><\/p>\n<div class=\"wp-block-column is-vertically-aligned-center is-layout-flow wp-block-column-is-layout-flow\" style=\"flex-basis: 50%;\"><p><\/p>\n<h2 class=\"has-neve-text-color-color has-text-color wp-block-heading\">Nuestra Historia<\/h2>\n<p><\/p>\n<p class=\"has-neve-text-color-color has-text-color\">En la b\u00fasqueda constaste de la perfecci\u00f3n, en el andar colaborando en empresas del sector publico y privado, en industrias tan variadas desde la petroqu\u00edmica, servicios financieros, manufactura, retail, trasporte, solo por mencionar las mas representativas; identificando oportunidades de desarrollo de negocio, encontrando soluciones y satisfactores para las industrias, fue como nace TSSI Tecnolog\u00eda, Servicios y Soluciones Integrales.<\/p>\n<p><\/p>\n<p class=\"has-neve-text-color-color has-text-color\">El fundador Edgar Perez Arroyo, comenz\u00f3 la aventura con su iniciaci\u00f3n como T\u00e9cnico en Sistemas Computacionales en la d\u00e9cada de los 80&#8217;s, evolucionando a nivel profesional hasta nuestros d\u00edas en pleno siglo XXI y con una experiencia acumulada de 36 a\u00f1os. Junto con el desarrollo de la Tecnolog\u00eda desde el nacimiento de sitios WEB, el Computo Distribuido, Main Frames, Telecomunicaciones, Bases de Datos a gran Escala, seguridad de la informaci\u00f3n y hasta la Internet de la Cosas (IoT). Ponemos a disposici\u00f3n de nuestros clientes actuales y futuros los modelos de operaci\u00f3n de tecnolog\u00eda de grandes empresas sin los elevados costos que ello pueda representar.<\/p>\n<p><\/p><\/div>\n<p><\/p><\/div>\n<p><\/p>\n<div class=\"wp-block-spacer\" style=\"height: 40px;\" aria-hidden=\"true\">&nbsp;<\/div>\n<p><\/p><\/div><\/div>\n<p><\/p><\/div>\n<\/div>\n<p><\/p>\n<div class=\"wp-block-cover alignfull\" style=\"min-height: 600px;aspect-ratio:unset;\">\n<div class=\"wp-block-cover__inner-container is-layout-flow wp-block-cover-is-layout-flow\"><p><\/p>\n<div class=\"wp-block-group\"><div class=\"wp-block-group__inner-container is-layout-flow wp-block-group-is-layout-flow\"><p><\/p>\n<div class=\"wp-block-spacer\" style=\"height: 80px;\" aria-hidden=\"true\">&nbsp;<\/div>\n<p><\/p>\n<div class=\"wp-block-columns are-vertically-aligned-center is-layout-flex wp-container-core-columns-is-layout-9d6595d7 wp-block-columns-is-layout-flex\"><p><\/p>\n<div class=\"wp-block-column is-vertically-aligned-center is-layout-flow wp-block-column-is-layout-flow\" style=\"flex-basis: 50%;\"><p><\/p>\n<h2 class=\"has-nv-text-dark-bg-color has-text-color wp-block-heading\">Valoramos su Operacion<\/h2>\n<p><\/p>\n<p class=\"has-nv-text-dark-bg-color has-text-color\">Su empresa adoptando modelos de seguridad de informaci\u00f3n tal y como la usan Bancos, Financieras, Cajas Populares, Hoteler\u00eda Grandes Cadenas, Industria de Manufactura, Industria Petroqu\u00edmica, Retail sin hacer desembolsos enormes y con costos adaptados a su presupuesto .<\/p>\n<p><\/p>\n<div class=\"wp-block-spacer\" style=\"height: 20px;\" aria-hidden=\"true\">&nbsp;<\/div>\n<p><\/p>\n<div class=\"wp-block-buttons is-layout-flex wp-block-buttons-is-layout-flex\"><p><\/p>\n<div class=\"wp-block-button is-style-primary\"><a class=\"wp-block-button__link\" href=\"https:\/\/tssi.com.mx\/?page_id=75\">SABER MAS<\/a><\/div>\n<p><\/p><\/div>\n<p><\/p>\n<div class=\"wp-block-spacer\" style=\"height: 20px;\" aria-hidden=\"true\">&nbsp;<\/div>\n<p><\/p><\/div>\n<p><\/p>\n<div class=\"wp-block-column is-vertically-aligned-center is-layout-flow wp-block-column-is-layout-flow\" style=\"flex-basis: 50%;\"><p><\/p>\n<figure class=\"wp-block-image size-large\"><img decoding=\"async\" width=\"600\" height=\"600\" class=\"wp-image-39\" src=\"https:\/\/tssi.com.mx\/wp-content\/uploads\/2020\/01\/neve-web-design-bg-12.jpg\" alt=\"\"><\/figure>\n<p><\/p><\/div>\n<p><\/p><\/div>\n<p><\/p>\n<div class=\"wp-block-spacer\" style=\"height: 40px;\" aria-hidden=\"true\">&nbsp;<\/div>\n<p><\/p><\/div><\/div>\n<p><\/p><\/div>\n<\/div>\n<p><\/p>\n<div class=\"wp-block-cover alignfull\" style=\"min-height: 420px;aspect-ratio:unset;\">\n<div class=\"wp-block-cover__inner-container is-layout-flow wp-block-cover-is-layout-flow\"><p><\/p>\n<div class=\"wp-block-spacer\" style=\"height: 80px;\" aria-hidden=\"true\">&nbsp;<\/div>\n<p><\/p>\n<div class=\"wp-block-columns is-layout-flex wp-container-core-columns-is-layout-9d6595d7 wp-block-columns-is-layout-flex\"><p><\/p>\n<div class=\"wp-block-column ticss-4ce656f1 is-layout-flow wp-block-column-is-layout-flow\"><p><\/p>\n<figure class=\"wp-block-image size-large icon-style is-style-rounded\"><img decoding=\"async\" width=\"72\" height=\"72\" class=\"wp-image-20\" src=\"https:\/\/tssi.com.mx\/wp-content\/uploads\/2020\/01\/neve-webdesign-GB-03.png\" alt=\"\"><\/figure>\n<p><\/p>\n<h3 class=\"has-text-align-left has-text-align-center has-neve-text-color-color has-text-color wp-block-heading\">Eficiencia de Costo &#8211; Gasto<\/h3>\n<p><\/p>\n<p class=\"has-text-align-left has-neve-text-color-color has-text-color\" style=\"font-size: 15px;\">Aprovechamos al maximo su inversion en Tecnolog\u00eda.<\/p>\n<p><\/p>\n<div class=\"wp-block-spacer\" style=\"height: 20px;\" aria-hidden=\"true\">&nbsp;<\/div>\n<p><\/p><\/div>\n<p><\/p>\n<div class=\"wp-block-column ticss-f6fc7494 is-layout-flow wp-block-column-is-layout-flow\"><p><\/p>\n<figure class=\"wp-block-image size-large icon-style is-style-rounded\"><img decoding=\"async\" width=\"72\" height=\"72\" class=\"wp-image-20\" src=\"https:\/\/tssi.com.mx\/wp-content\/uploads\/2020\/01\/neve-webdesign-GB-03.png\" alt=\"\"><\/figure>\n<p><\/p>\n<h3 class=\"has-text-align-left has-text-align-center has-neve-text-color-color has-text-color wp-block-heading\">Apegados a Cumplimiento Normativo<\/h3>\n<p><\/p>\n<p class=\"has-text-align-left has-neve-text-color-color has-text-color\" style=\"font-size: 15px;\">Nuestro trabajo esta apegado a mejores practicas, leyes y regulaciones vigentes de protecci\u00f3n de datos, confidencialidad de procesos, secreto industrial, informaci\u00f3n reservada.<\/p>\n<p><\/p>\n<div class=\"wp-block-spacer\" style=\"height: 20px;\" aria-hidden=\"true\">&nbsp;<\/div>\n<p><\/p><\/div>\n<p><\/p>\n<div class=\"wp-block-column ticss-a5b4df29 is-layout-flow wp-block-column-is-layout-flow\"><p><\/p>\n<figure class=\"wp-block-image size-large icon-style is-style-rounded\"><img decoding=\"async\" width=\"72\" height=\"72\" class=\"wp-image-20\" src=\"https:\/\/tssi.com.mx\/wp-content\/uploads\/2020\/01\/neve-webdesign-GB-03.png\" alt=\"\"><\/figure>\n<p><\/p>\n<h3 class=\"has-text-align-left has-text-align-center has-neve-text-color-color has-text-color wp-block-heading\">Altamente competitivos<\/h3>\n<p><\/p>\n<p class=\"has-text-align-left has-neve-text-color-color has-text-color\" style=\"font-size: 15px;\">Certificamos nuestros conocimientos, de la mano de nuestros socios comerciales, cumplimos en apego a pol\u00edticas de las marcas comerciales que representamos. Invertimos en la actualizaci\u00f3n y certificaci\u00f3n de conocimientos y la metodolog\u00eda t\u00e9cnica de la mano del fabricante de equipos y soluciones.<\/p>\n<p><\/p>\n<div class=\"wp-block-spacer\" style=\"height: 20px;\" aria-hidden=\"true\">&nbsp;<\/div>\n<p><\/p><\/div>\n<p><\/p><\/div>\n<p><\/p>\n<div class=\"wp-block-spacer\" style=\"height: 30px;\" aria-hidden=\"true\">&nbsp;<\/div>\n<p><\/p><\/div>\n<\/div>\n<p><\/p>\n<div class=\"wp-block-cover alignfull\" style=\"min-height: 600px;aspect-ratio:unset;\">\n<div class=\"wp-block-cover__inner-container is-layout-flow wp-block-cover-is-layout-flow\"><p><\/p>\n<div class=\"wp-block-group\"><div class=\"wp-block-group__inner-container is-layout-flow wp-block-group-is-layout-flow\"><p><\/p>\n<div class=\"wp-block-spacer\" style=\"height: 80px;\" aria-hidden=\"true\">&nbsp;<\/div>\n<p><\/p>\n<div class=\"wp-block-columns is-layout-flex wp-container-core-columns-is-layout-9d6595d7 wp-block-columns-is-layout-flex\"><p><\/p>\n<div class=\"wp-block-column is-layout-flow wp-block-column-is-layout-flow\"><p><\/p>\n<div class=\"wp-block-image is-style-default\">\n<figure class=\"aligncenter size-large\"><img loading=\"lazy\" decoding=\"async\" width=\"987\" height=\"1024\" class=\"wp-image-453\" src=\"https:\/\/tssi.com.mx\/wp-content\/uploads\/2022\/03\/CEO_TSSI-987x1024.jpeg\" alt=\"\" srcset=\"https:\/\/tssi.com.mx\/wp-content\/uploads\/2022\/03\/CEO_TSSI-987x1024.jpeg 987w, https:\/\/tssi.com.mx\/wp-content\/uploads\/2022\/03\/CEO_TSSI-289x300.jpeg 289w, https:\/\/tssi.com.mx\/wp-content\/uploads\/2022\/03\/CEO_TSSI-768x797.jpeg 768w, https:\/\/tssi.com.mx\/wp-content\/uploads\/2022\/03\/CEO_TSSI-1480x1536.jpeg 1480w, https:\/\/tssi.com.mx\/wp-content\/uploads\/2022\/03\/CEO_TSSI.jpeg 1542w\" sizes=\"(max-width: 987px) 100vw, 987px\" \/><\/figure>\n<\/div>\n<p><\/p>\n<h3 class=\"has-text-align-center has-neve-text-color-color has-text-color wp-block-heading\">Edgar Perez Arroyo<\/h3>\n<p><\/p>\n<p class=\"has-text-align-center has-neve-text-color-color has-text-color\">CEO<\/p>\n<p><\/p>\n<ul class=\"wp-block-social-links aligncenter is-layout-flex wp-block-social-links-is-layout-flex\"><li class=\"wp-social-link wp-social-link-twitter  wp-block-social-link\"><a href=\"#edgpereza\" class=\"wp-block-social-link-anchor\"><svg width=\"24\" height=\"24\" viewBox=\"0 0 24 24\" version=\"1.1\" xmlns=\"http:\/\/www.w3.org\/2000\/svg\" aria-hidden=\"true\" focusable=\"false\"><path d=\"M22.23,5.924c-0.736,0.326-1.527,0.547-2.357,0.646c0.847-0.508,1.498-1.312,1.804-2.27 c-0.793,0.47-1.671,0.812-2.606,0.996C18.324,4.498,17.257,4,16.077,4c-2.266,0-4.103,1.837-4.103,4.103 c0,0.322,0.036,0.635,0.106,0.935C8.67,8.867,5.647,7.234,3.623,4.751C3.27,5.357,3.067,6.062,3.067,6.814 c0,1.424,0.724,2.679,1.825,3.415c-0.673-0.021-1.305-0.206-1.859-0.513c0,0.017,0,0.034,0,0.052c0,1.988,1.414,3.647,3.292,4.023 c-0.344,0.094-0.707,0.144-1.081,0.144c-0.264,0-0.521-0.026-0.772-0.074c0.522,1.63,2.038,2.816,3.833,2.85 c-1.404,1.1-3.174,1.756-5.096,1.756c-0.331,0-0.658-0.019-0.979-0.057c1.816,1.164,3.973,1.843,6.29,1.843 c7.547,0,11.675-6.252,11.675-11.675c0-0.178-0.004-0.355-0.012-0.531C20.985,7.47,21.68,6.747,22.23,5.924z\"><\/path><\/svg><span class=\"wp-block-social-link-label screen-reader-text\">Twitter<\/span><\/a><\/li><li class=\"wp-social-link wp-social-link-linkedin  wp-block-social-link\"><a href=\"https:\/\/www.linkedin.com\/in\/edgar-perez-arroyo-37200468\/\" class=\"wp-block-social-link-anchor\"><svg width=\"24\" height=\"24\" viewBox=\"0 0 24 24\" version=\"1.1\" xmlns=\"http:\/\/www.w3.org\/2000\/svg\" aria-hidden=\"true\" focusable=\"false\"><path d=\"M19.7,3H4.3C3.582,3,3,3.582,3,4.3v15.4C3,20.418,3.582,21,4.3,21h15.4c0.718,0,1.3-0.582,1.3-1.3V4.3 C21,3.582,20.418,3,19.7,3z M8.339,18.338H5.667v-8.59h2.672V18.338z M7.004,8.574c-0.857,0-1.549-0.694-1.549-1.548 c0-0.855,0.691-1.548,1.549-1.548c0.854,0,1.547,0.694,1.547,1.548C8.551,7.881,7.858,8.574,7.004,8.574z M18.339,18.338h-2.669 v-4.177c0-0.996-0.017-2.278-1.387-2.278c-1.389,0-1.601,1.086-1.601,2.206v4.249h-2.667v-8.59h2.559v1.174h0.037 c0.356-0.675,1.227-1.387,2.526-1.387c2.703,0,3.203,1.779,3.203,4.092V18.338z\"><\/path><\/svg><span class=\"wp-block-social-link-label screen-reader-text\">LinkedIn<\/span><\/a><\/li><\/ul>\n<p><\/p>\n<div class=\"wp-block-spacer\" style=\"height: 40px;\" aria-hidden=\"true\">&nbsp;<\/div>\n<p><\/p><\/div>\n<p><\/p>\n<div class=\"wp-block-column is-layout-flow wp-block-column-is-layout-flow\"><p><\/p>\n<div class=\"wp-block-spacer\" style=\"height: 40px;\" aria-hidden=\"true\">&nbsp;<\/div>\n<p><\/p><\/div>\n<p><\/p>\n<div class=\"wp-block-column is-layout-flow wp-block-column-is-layout-flow\"><p><\/p>\n<div class=\"wp-block-image is-style-default\">\n<figure class=\"aligncenter size-full\"><a href=\"https:\/\/tssi.com.mx\/mac\/?lang=es_ES\" target=\"_blank\" rel=\"noopener\"><img loading=\"lazy\" decoding=\"async\" width=\"450\" height=\"450\" class=\"wp-image-440\" src=\"https:\/\/tssi.com.mx\/wp-content\/uploads\/2022\/03\/qrcodeusr_tssi.com_.mx_.png\" alt=\"\" srcset=\"https:\/\/tssi.com.mx\/wp-content\/uploads\/2022\/03\/qrcodeusr_tssi.com_.mx_.png 450w, https:\/\/tssi.com.mx\/wp-content\/uploads\/2022\/03\/qrcodeusr_tssi.com_.mx_-300x300.png 300w, https:\/\/tssi.com.mx\/wp-content\/uploads\/2022\/03\/qrcodeusr_tssi.com_.mx_-150x150.png 150w\" sizes=\"(max-width: 450px) 100vw, 450px\" \/><\/a><\/figure>\n<\/div>\n<p><\/p>\n<p class=\"has-text-align-center has-neve-text-color-color has-text-color\"><a title=\"Ir a MAC by TSSI\" href=\"https:\/\/tssi.com.mx\/mac\/?lang=es_ES\" rel=\"ugc\">Mesa de Ayuda a Clientes<\/a><\/p>\n<p><\/p>\n<div class=\"wp-block-spacer\" style=\"height: 40px;\" aria-hidden=\"true\">&nbsp;<\/div>\n<p><\/p><\/div>\n<p><\/p><\/div>\n<p><\/p>\n<div class=\"wp-block-spacer\" style=\"height: 40px;\" aria-hidden=\"true\">&nbsp;<\/div>\n<p><\/p><\/div><\/div>\n<p><\/p><\/div>\n<\/div>\n<p><\/p>\t\t\t\t\t\t\t\t<\/div>\n\t\t\t\t<\/div>\n\t\t\t\t\t<\/div>\n\t\t<\/div>\n\t\t\t\t\t<\/div>\n\t\t<\/section>\n\t\t\t\t<\/div>\n\t\t","protected":false},"excerpt":{"rendered":"","protected":false},"author":1,"featured_media":0,"parent":5,"menu_order":0,"comment_status":"closed","ping_status":"closed","template":"elementor_canvas","meta":{"om_disable_all_campaigns":false,"_monsterinsights_skip_tracking":false,"_monsterinsights_sitenote_active":false,"_monsterinsights_sitenote_note":"","_monsterinsights_sitenote_category":0,"neve_meta_sidebar":"default","neve_meta_container":"default","neve_meta_enable_content_width":"on","neve_meta_content_width":100,"neve_meta_title_alignment":"","neve_meta_author_avatar":"","neve_post_elements_order":"","neve_meta_disable_header":"","neve_meta_disable_footer":"","neve_meta_disable_title":"on","footnotes":""},"class_list":["post-61","page","type-page","status-publish","hentry"],"aioseo_notices":[],"_links":{"self":[{"href":"https:\/\/tssi.com.mx\/index.php?rest_route=\/wp\/v2\/pages\/61","targetHints":{"allow":["GET"]}}],"collection":[{"href":"https:\/\/tssi.com.mx\/index.php?rest_route=\/wp\/v2\/pages"}],"about":[{"href":"https:\/\/tssi.com.mx\/index.php?rest_route=\/wp\/v2\/types\/page"}],"author":[{"embeddable":true,"href":"https:\/\/tssi.com.mx\/index.php?rest_route=\/wp\/v2\/users\/1"}],"replies":[{"embeddable":true,"href":"https:\/\/tssi.com.mx\/index.php?rest_route=%2Fwp%2Fv2%2Fcomments&post=61"}],"version-history":[{"count":18,"href":"https:\/\/tssi.com.mx\/index.php?rest_route=\/wp\/v2\/pages\/61\/revisions"}],"predecessor-version":[{"id":508,"href":"https:\/\/tssi.com.mx\/index.php?rest_route=\/wp\/v2\/pages\/61\/revisions\/508"}],"up":[{"embeddable":true,"href":"https:\/\/tssi.com.mx\/index.php?rest_route=\/wp\/v2\/pages\/5"}],"wp:attachment":[{"href":"https:\/\/tssi.com.mx\/index.php?rest_route=%2Fwp%2Fv2%2Fmedia&parent=61"}],"curies":[{"name":"wp","href":"https:\/\/api.w.org\/{rel}","templated":true}]}}